{"id":28,"date":"2023-03-08T16:29:43","date_gmt":"2023-03-08T16:29:43","guid":{"rendered":"http:\/\/www.carcoating.fi\/home\/?page_id=28"},"modified":"2024-08-24T09:29:45","modified_gmt":"2024-08-24T09:29:45","slug":"tietoja","status":"publish","type":"page","link":"https:\/\/www.carcoating.fi\/home\/tietoja\/","title":{"rendered":"Miksi ?"},"content":{"rendered":"\n<p>Suola, piki, rauta sek\u00e4 erilaiset pienhiukkaset vahingoittavat maalipintaa. Suosittelemme suojaamaan jo tehtaalta suoraan tulevien autojen maalipinnat s\u00e4\u00e4nn\u00f6llisesti . Mik\u00e4li kulkuneuvosi ei kuitenkaan ole en\u00e4\u00e4 parhaassa hohdossa, voimme tehd\u00e4 asialle varmasti paljon.<\/p>\n\n\n\n<p><\/p>\n\n\n\n<p><strong>Esipesu<\/strong>: Suurin osa liasta sek\u00e4 hiekasta irroitetaan tehokkailla pesuaineilla ilman mekaanista hankausta. K\u00e4yt\u00f6ss\u00e4 alan parhaat liuottimet jotka eiv\u00e4t vahingoita lakkapintaa. Mik\u00e4li kulkuneuvossasi on jo tuore k\u00e4sittely k\u00e4yt\u00e4mme vaha-\/ pinnoite yst\u00e4v\u00e4llisi\u00e4 tuotteita<\/p>\n\n\n\n<p><strong>Huuhtelu<\/strong>: Itse veden paineelle ei ole tarkoitus irroittaa takertunutta likaa lakkapinnasta. Vesipesulla poistetaan jo aikaisemmin kemiallisesti irroitettu pienhiukkanen ilman mekaanista hankausta. <\/p>\n\n\n\n<p><strong>Pien-, Raudan poisto<\/strong>: Pinnoille kuulumattomat pienhiukkaset poistetaan kemiallisesti tai mekaanisesti. Aineet pureutuvat hyvin jarryp\u00f6lyyn, jarrupaloista irroinneisiin siruihin sek\u00e4 maantiepikeen.<\/p>\n\n\n\n<p><strong>Savetus<\/strong>: Pinta k\u00e4yd\u00e4\u00e4n l\u00e4pi muovailuvahan tapaisella palalla. Savi irroittaa lakassa kiinni olevat partikkelit itseens\u00e4. Ilman riitt\u00e4v\u00e4\u00e4 liukastetta sek\u00e4 oikeaa tekniikkaa saat helposti aikaan enemm\u00e4n harmia kuin hy\u00f6ty\u00e4. Muista ett\u00e4 savetus naarmuttaa pinnan helposti! Oikein tehtyn\u00e4 j\u00e4lkeen j\u00e4\u00e4 t\u00e4ysin &#8221;sormisile\u00e4&#8221; pinta.<\/p>\n\n\n\n<p><strong>Kinnastelu:<\/strong> Varsinainen kintaalla pesu on turvallista vasta esivaiheiden j\u00e4lkeen. K\u00e4yt\u00e4mme kahden \u00e4mp\u00e4rin tekniikkaa, jossa kumpaisessakin \u00e4mp\u00e4riss\u00e4 on hiekan erottimet. Ensimm\u00e4isess\u00e4 \u00e4mp\u00e4riss\u00e4 pest\u00e4\u00e4n kinnas, toisesta kyll\u00e4stet\u00e4\u00e4n kinnas pesuaineella. Pesuaine\u00e4mp\u00e4riin ei koskaan vied\u00e4 likaista kinnasta.<\/p>\n\n\n\n<p><strong>Myllytys \/ Hionta<\/strong>: Tasoitamme lakkapinnan naarmut hiomalla. Hionta suoritetaan 1-3 kertaa riippuen kohteen kunnosta sek\u00e4 teid\u00e4n toivomasta lopputuloksesta. Vaihtoehtoja l\u00f6ytyy useita vesihionnasta pikaehotukseen.<\/p>\n\n\n\n<p><strong>Vaha<\/strong>: Suojaa pinnan noin 3-12kk neutraaleja pesuaineita k\u00e4ytt\u00e4ess\u00e4.<\/p>\n\n\n\n<p><strong>Keraaminen pinnoite<\/strong>: Suojaa pinnan 1-5 vuodeksi neutraaleja pesuaineita k\u00e4ytt\u00e4ess\u00e4. Vaihtoehtoina l\u00f6ytyy pesuja helpottavia pinnotteita, suojaavia pinnotteita sek\u00e4 yhdistelmi\u00e4.<\/p>\n\n\n\n<hr class=\"wp-block-separator has-alpha-channel-opacity\"\/>\n\n\n\n<p>WHY ?<\/p>\n\n\n\n<p>Salt, pitch, iron and various small particles damage the paint surface. We recommend regularly protecting the paint surfaces of cars coming directly from the factory. However, if your vehicle is no longer in the best shape, we can certainly do a lot about it.<\/p>\n\n\n\n<p><\/p>\n\n\n\n<p><strong>Pre-Wash:<\/strong> Most dirt and sand are effectively removed using powerful cleaning agents without mechanical abrasion. We use the best solvents in the industry that do not damage the paint surface. If your vehicle already has a fresh coating, we will use wax\/polish-friendly products.<\/p>\n\n\n\n<p><strong>Rinsing:<\/strong> The purpose of the water pressure is not to remove adhered dirt from the paint surface. The rinsing removes fine particles that have previously been chemically detached without mechanical abrasion.<\/p>\n\n\n\n<p><strong>Removal of Fine and Iron Particles:<\/strong> Unwanted fine particles are removed chemically or mechanically. The agents penetrate well into brake dust, debris released from brake pads, and road tar.<\/p>\n\n\n\n<p><strong>Claying:<\/strong> The surface is treated with a clay-like substance. The clay removes particles that are bonded to the paint. Without sufficient lubrication and the right technique, you can easily cause more harm than good. Remember that claying can scratch the surface easily! When done correctly, it leaves a completely &#8221;finger-smooth&#8221; surface.<\/p>\n\n\n\n<p><strong>Washing with Mitt:<\/strong> The actual washing with a mitt is safe only after the preliminary stages. We use a two-bucket method, where each bucket has sand separators. In the first bucket, the mitt is washed, while the second is used to saturate the mitt with soap. A dirty mitt is never taken to the soap bucket.<\/p>\n\n\n\n<p><strong>Polishing \/ Sanding:<\/strong> We level the paint surface scratches by sanding. Sanding is performed 1-3 times depending on the condition of the vehicle and your desired outcome. There are several options available, from wet sanding to quick polishing.<\/p>\n\n\n\n<p><strong>Waxing:<\/strong> Protects the surface for approximately 3-12 months when using neutral cleaning agents.<\/p>\n\n\n\n<p><strong>Ceramic Coating:<\/strong> Protects the surface for 1-5 years when using neutral cleaning agents. Available options include coatings that facilitate cleaning, protective coatings, and combinations thereof.<\/p>\n","protected":false},"excerpt":{"rendered":"<p>Suola, piki, rauta sek\u00e4 erilaiset pienhiukkaset vahingoittavat maalipintaa. Suosittelemme suojaamaan jo tehtaalta suoraan tulevien autojen maalipinnat s\u00e4\u00e4nn\u00f6llisesti . Mik\u00e4li kulkuneuvosi ei kuitenkaan ole en\u00e4\u00e4 parhaassa hohdossa, voimme tehd\u00e4 asialle varmasti paljon. Esipesu: Suurin osa liasta sek\u00e4 hiekasta irroitetaan tehokkailla pesuaineilla ilman mekaanista hankausta. K\u00e4yt\u00f6ss\u00e4 alan parhaat liuottimet jotka eiv\u00e4t vahingoita lakkapintaa. Mik\u00e4li kulkuneuvossasi on jo &hellip; <\/p>\n<p class=\"link-more\"><a href=\"https:\/\/www.carcoating.fi\/home\/tietoja\/\" class=\"more-link\">Jatka lukemista<span class=\"screen-reader-text\"> &#8221;Miksi ?&#8221;<\/span><\/a><\/p>\n","protected":false},"author":1,"featured_media":68,"parent":0,"menu_order":0,"comment_status":"closed","ping_status":"closed","template":"","meta":[],"_links":{"self":[{"href":"https:\/\/www.carcoating.fi\/home\/wp-json\/wp\/v2\/pages\/28"}],"collection":[{"href":"https:\/\/www.carcoating.fi\/home\/wp-json\/wp\/v2\/pages"}],"about":[{"href":"https:\/\/www.carcoating.fi\/home\/wp-json\/wp\/v2\/types\/page"}],"author":[{"embeddable":true,"href":"https:\/\/www.carcoating.fi\/home\/wp-json\/wp\/v2\/users\/1"}],"replies":[{"embeddable":true,"href":"https:\/\/www.carcoating.fi\/home\/wp-json\/wp\/v2\/comments?post=28"}],"version-history":[{"count":17,"href":"https:\/\/www.carcoating.fi\/home\/wp-json\/wp\/v2\/pages\/28\/revisions"}],"predecessor-version":[{"id":161,"href":"https:\/\/www.carcoating.fi\/home\/wp-json\/wp\/v2\/pages\/28\/revisions\/161"}],"wp:featuredmedia":[{"embeddable":true,"href":"https:\/\/www.carcoating.fi\/home\/wp-json\/wp\/v2\/media\/68"}],"wp:attachment":[{"href":"https:\/\/www.carcoating.fi\/home\/wp-json\/wp\/v2\/media?parent=28"}],"curies":[{"name":"wp","href":"https:\/\/api.w.org\/{rel}","templated":true}]}}