{"id":103,"date":"2023-03-09T07:46:53","date_gmt":"2023-03-09T07:46:53","guid":{"rendered":"http:\/\/www.carcoating.fi\/home\/?page_id=103"},"modified":"2023-03-09T17:34:18","modified_gmt":"2023-03-09T17:34:18","slug":"loyda-meidat-tama","status":"publish","type":"page","link":"https:\/\/www.carcoating.fi\/home\/loyda-meidat-tama\/","title":{"rendered":"L\u00f6yd\u00e4 meid\u00e4t"},"content":{"rendered":"\n<h2 class=\"wp-block-heading\"><\/h2>\n\n\n\n<p><strong>Yhteystiedot<\/strong><br><\/p>\n\n\n\n<p>Joni +358 44 041 0000<\/p>\n\n\n\n<p><br>Turuntie 20 B 36<br>00370 Helsinki<\/p>\n","protected":false},"excerpt":{"rendered":"<p>Yhteystiedot Joni +358 44 041 0000 Turuntie 20 B 3600370 Helsinki<\/p>\n","protected":false},"author":1,"featured_media":0,"parent":0,"menu_order":0,"comment_status":"closed","ping_status":"closed","template":"","meta":[],"_links":{"self":[{"href":"https:\/\/www.carcoating.fi\/home\/wp-json\/wp\/v2\/pages\/103"}],"collection":[{"href":"https:\/\/www.carcoating.fi\/home\/wp-json\/wp\/v2\/pages"}],"about":[{"href":"https:\/\/www.carcoating.fi\/home\/wp-json\/wp\/v2\/types\/page"}],"author":[{"embeddable":true,"href":"https:\/\/www.carcoating.fi\/home\/wp-json\/wp\/v2\/users\/1"}],"replies":[{"embeddable":true,"href":"https:\/\/www.carcoating.fi\/home\/wp-json\/wp\/v2\/comments?post=103"}],"version-history":[{"count":5,"href":"https:\/\/www.carcoating.fi\/home\/wp-json\/wp\/v2\/pages\/103\/revisions"}],"predecessor-version":[{"id":123,"href":"https:\/\/www.carcoating.fi\/home\/wp-json\/wp\/v2\/pages\/103\/revisions\/123"}],"wp:attachment":[{"href":"https:\/\/www.carcoating.fi\/home\/wp-json\/wp\/v2\/media?parent=103"}],"curies":[{"name":"wp","href":"https:\/\/api.w.org\/{rel}","templated":true}]}}